{"id":1244,"date":"2021-04-05T12:36:33","date_gmt":"2021-04-05T10:36:33","guid":{"rendered":"https:\/\/narvartepodologia.com\/nire-buruz\/"},"modified":"2026-02-26T19:11:18","modified_gmt":"2026-02-26T17:11:18","slug":"ainara-narvarte-podologo-esperientziaduna","status":"publish","type":"page","link":"https:\/\/narvartepodologia.com\/eu\/ainara-narvarte-podologo-esperientziaduna\/","title":{"rendered":"Nire Buruz"},"content":{"rendered":"<div class=\"wpb-content-wrapper\"><p>[vc_row el_class=&#8221;custom-qf-3&#8243; css=&#8221;.vc_custom_1477662424872{margin-bottom: 0px !important;padding-bottom: 0px !important;}&#8221;][vc_column]<div id=\"fullwidth-block-69f5278a937ac\" class=\"fullwidth-block clearfix\"  style=\"\"><script type=\"text\/javascript\">if (typeof(gem_fix_fullwidth_position) == \"function\") { gem_fix_fullwidth_position(document.getElementById(\"fullwidth-block-69f5278a937ac\")); }<\/script><div class=\"fullwidth-block-inner\"><div class=\"container\"><div class=\"clearboth\"><\/div><style>#thegem-divider-69f5278a9391c {margin-top: 100px !important;}<\/style><div id=\"thegem-divider-69f5278a9391c\" class=\"gem-divider  \" style=\"\" ><\/div>[vc_column_text]<\/p>\n<div class=\"title-h2\" style=\"text-align: center;\"><span style=\"color: #000000;\">NIRE <\/span><span style=\"color: #696c90;\">BURUZ<\/span><\/div>\n<p>[\/vc_column_text]<div class=\"clearboth\"><\/div><style>#thegem-divider-69f5278a939a3 {margin-top: 50px !important;}<\/style><div id=\"thegem-divider-69f5278a939a3\" class=\"gem-divider  \" style=\"\" ><\/div>[vc_column_text]<\/p>\n<div class=\"styled-subtitle\">\n<p>Lan profesionalean 20 urtetik gorako esperientzia izanik, zerbitzu kalitate hoberena eskaintzeko bikoitza da bezeroarekiko dudan konpromisoa: diagnostiko eta tratamendu hoberena egin ahal izateko etengabeko formakuntza, eta pazienteari tratu zaindua eta hurbila eskaintzeko berezko beharra.<\/p>\n<\/div>\n<p>[\/vc_column_text]<div class=\"clearboth\"><\/div><style>#thegem-divider-69f5278a939f3 {margin-top: 12px !important;}<\/style><div id=\"thegem-divider-69f5278a939f3\" class=\"gem-divider  \" style=\"\" ><\/div><div class=\"quickfinder quickfinder-style-vertical-1 quickfinder-style-vertical quickfinder-icon-position-top quickfinder-alignment-center quickfinder-title-thin\" data-hover-title-color=\"#ffffff\" data-hover-description-color=\"#ffffff\"><div id=\"post-1248\" data-ll-finish-delay=\"200\" class=\"quickfinder-item odd quickfinder-item-effect-image-scale large lazy-loading post-1248 thegem_qf_item type-thegem_qf_item status-publish has-post-thumbnail\" data-ll-item-delay=\"0\"> <div class=\"quickfinder-item-info-wrapper\"> <svg class=\"qf-svg-arrow-right\" viewBox=\"0 0 50 100\"> <use xlink:href=\"https:\/\/narvartepodologia.com\/wp-content\/themes\/thegem\/css\/post-arrow.svg#dec-post-arrow\"><\/use> <\/svg> <div class=\"connector-top\" style=\"border-color: #696c90; right: -81.5px;\"> <\/div> <div class=\"connector-bot\" style=\"border-color: #696c90; right: -81.5px;\"> <\/div> <div class=\"quickfinder-item-info lazy-loading-item\" data-ll-item-delay=\"200\" data-ll-effect=\"fading\"> <div style=\"display: block; min-height: 250px;\"> <div class=\"quickfinder-item-title\" style=\"color: #000000;\">2003<\/div> <div class=\"quickfinder-item-text\" style=\"color: #a8a8a8 ;\">Diplomaduna Podologian eta Erizaintzan.<\/div> <\/div> <\/div> <\/div> <div class=\"quickfinder-item-image\"> <div class=\"quickfinder-item-image-content lazy-loading-item\" data-ll-item-delay=\"0\" data-ll-effect=\"clip\"> <div class=\"quickfinder-item-image-wrapper quickfinder-item-picture quickfinder-item-image-shape-circle\" style=\"box-shadow: 0 0 0 3px #ffffff, 0 0 0 6px #696c90;\"> <img width=\"300\" height=\"300\" src=\"https:\/\/narvartepodologia.com\/wp-content\/uploads\/2018\/12\/ainara-narvarte-podologia-irun-sobre-mi-1.jpg\" class=\" quickfinder-img-size-large wp-post-image\" alt=\"ainara-narvarte-podologia-irun-sobre-mi-1\" srcset=\"https:\/\/narvartepodologia.com\/wp-content\/uploads\/2018\/12\/ainara-narvarte-podologia-irun-sobre-mi-1-thegem-person-160.jpg 1x, https:\/\/narvartepodologia.com\/wp-content\/uploads\/2018\/12\/ainara-narvarte-podologia-irun-sobre-mi-1.jpg 2x\" sizes=\"100vw\" \/> <\/div> <\/div> <\/div> <\/div> <div id=\"post-1249\" data-ll-finish-delay=\"200\" class=\"quickfinder-item even quickfinder-item-effect-image-scale large lazy-loading post-1249 thegem_qf_item type-thegem_qf_item status-publish has-post-thumbnail\" data-ll-item-delay=\"0\"> <div class=\"quickfinder-item-image\"> <div class=\"quickfinder-item-image-content lazy-loading-item\" data-ll-item-delay=\"0\" data-ll-effect=\"clip\"> <div class=\"quickfinder-item-image-wrapper quickfinder-item-picture quickfinder-item-image-shape-circle\" style=\"box-shadow: 0 0 0 3px #ffffff, 0 0 0 6px #696c90;\"> <img width=\"300\" height=\"300\" src=\"https:\/\/narvartepodologia.com\/wp-content\/uploads\/2018\/12\/ainara-narvarte-podologia-irun-sobre-mi-2.jpg\" class=\" quickfinder-img-size-large wp-post-image\" alt=\"ainara-narvarte-podologia-irun-sobre-mi-2\" srcset=\"https:\/\/narvartepodologia.com\/wp-content\/uploads\/2018\/12\/ainara-narvarte-podologia-irun-sobre-mi-2-thegem-person-160.jpg 1x, https:\/\/narvartepodologia.com\/wp-content\/uploads\/2018\/12\/ainara-narvarte-podologia-irun-sobre-mi-2.jpg 2x\" sizes=\"100vw\" \/> <\/div> <\/div> <\/div> <div class=\"quickfinder-item-info-wrapper\"> <svg class=\"qf-svg-arrow-left\" viewBox=\"0 0 50 100\"> <use xlink:href=\"https:\/\/narvartepodologia.com\/wp-content\/themes\/thegem\/css\/post-arrow.svg#dec-post-arrow\"><\/use> <\/svg> <div class=\"connector-top\" style=\"border-color: #696c90; left: -81.5px;\"> <\/div> <div class=\"connector-bot\" style=\"border-color: #696c90; left: -81.5px;\"> <\/div> <div class=\"quickfinder-item-info lazy-loading-item\" data-ll-item-delay=\"200\" data-ll-effect=\"fading\"> <div style=\"display: block; min-height: 250px;\"> <div class=\"quickfinder-item-title\" style=\"color: #000000;\">2004-2014<\/div> <div class=\"quickfinder-item-text\" style=\"color: #a8a8a8 ;\">Hamar urtez profesionalki lan egiten Bartzelonan, nire jardueraren arduradun gisa, podologiaren esparruan.<\/div> <\/div> <\/div> <\/div> <\/div> <div id=\"post-1250\" data-ll-finish-delay=\"200\" class=\"quickfinder-item odd quickfinder-item-effect-image-scale large lazy-loading post-1250 thegem_qf_item type-thegem_qf_item status-publish has-post-thumbnail\" data-ll-item-delay=\"0\"> <div class=\"quickfinder-item-info-wrapper\"> <svg class=\"qf-svg-arrow-right\" viewBox=\"0 0 50 100\"> <use xlink:href=\"https:\/\/narvartepodologia.com\/wp-content\/themes\/thegem\/css\/post-arrow.svg#dec-post-arrow\"><\/use> <\/svg> <div class=\"connector-top\" style=\"border-color: #696c90; right: -81.5px;\"> <\/div> <div class=\"connector-bot\" style=\"border-color: #696c90; right: -81.5px;\"> <\/div> <div class=\"quickfinder-item-info lazy-loading-item\" data-ll-item-delay=\"200\" data-ll-effect=\"fading\"> <div style=\"display: block; min-height: 250px;\"> <div class=\"quickfinder-item-title\" style=\"color: #000000;\">2015<\/div> <div class=\"quickfinder-item-text\" style=\"color: #a8a8a8 ;\">Narvarte Podologiaren instalazio berriak inauguratu ditugu Irunen.<\/div> <\/div> <\/div> <\/div> <div class=\"quickfinder-item-image\"> <div class=\"quickfinder-item-image-content lazy-loading-item\" data-ll-item-delay=\"0\" data-ll-effect=\"clip\"> <div class=\"quickfinder-item-image-wrapper quickfinder-item-picture quickfinder-item-image-shape-circle\" style=\"box-shadow: 0 0 0 3px #ffffff, 0 0 0 6px #696c90;\"> <img width=\"300\" height=\"300\" src=\"https:\/\/narvartepodologia.com\/wp-content\/uploads\/2018\/12\/ainara-narvarte-podologia-irun-sobre-mi-3.jpg\" class=\" quickfinder-img-size-large wp-post-image\" alt=\"ainara-narvarte-podologia-irun-sobre-mi-3\" srcset=\"https:\/\/narvartepodologia.com\/wp-content\/uploads\/2018\/12\/ainara-narvarte-podologia-irun-sobre-mi-3-thegem-person-160.jpg 1x, https:\/\/narvartepodologia.com\/wp-content\/uploads\/2018\/12\/ainara-narvarte-podologia-irun-sobre-mi-3.jpg 2x\" sizes=\"100vw\" \/> <\/div> <\/div> <\/div> <\/div> <\/div><div class=\"clearboth\"><\/div><style>#thegem-divider-69f5278a97dfa {margin-top: 100px !important;}<\/style><div id=\"thegem-divider-69f5278a97dfa\" class=\"gem-divider  \" style=\"\" ><\/div><\/div><\/div><\/div>[\/vc_column][\/vc_row]<\/p>\n<\/div>","protected":false},"excerpt":{"rendered":"<p>[vc_row el_class=&#8221;custom-qf-3&#8243; css=&#8221;.vc_custom_1477662424872{margin-bottom: 0px !important;padding-bottom: 0px !important;}&#8221;][vc_column][\/vc_column][\/vc_row]<\/p>\n","protected":false},"author":1,"featured_media":0,"parent":0,"menu_order":0,"comment_status":"closed","ping_status":"closed","template":"","meta":{"footnotes":""},"class_list":["post-1244","page","type-page","status-publish"],"yoast_head":"<!-- This site is optimized with the Yoast SEO plugin v27.0 - https:\/\/yoast.com\/product\/yoast-seo-wordpress\/ -->\n<title>Ainara Narvarte podologo esperientziaduna<\/title>\n<meta name=\"description\" content=\"Ainara dut izena eta badira 15 urte podologo naizela. Irunen dudan kontsultategitik tratu profesionala eta hurbila eskaintzen dizut.\" \/>\n<meta name=\"robots\" content=\"index, follow, max-snippet:-1, max-image-preview:large, max-video-preview:-1\" \/>\n<link rel=\"canonical\" href=\"https:\/\/narvartepodologia.com\/eu\/ainara-narvarte-podologo-esperientziaduna\/\" \/>\n<meta property=\"og:locale\" content=\"eu_ES\" \/>\n<meta property=\"og:type\" content=\"article\" \/>\n<meta property=\"og:title\" content=\"Ainara Narvarte podologo esperientziaduna\" \/>\n<meta property=\"og:description\" content=\"Ainara dut izena eta badira 15 urte podologo naizela. Irunen dudan kontsultategitik tratu profesionala eta hurbila eskaintzen dizut.\" \/>\n<meta property=\"og:url\" content=\"https:\/\/narvartepodologia.com\/eu\/ainara-narvarte-podologo-esperientziaduna\/\" \/>\n<meta property=\"og:site_name\" content=\"Ainara Narvarte Podolog\u00eda Irun\" \/>\n<meta property=\"article:modified_time\" content=\"2026-02-26T17:11:18+00:00\" \/>\n<meta name=\"twitter:card\" content=\"summary_large_image\" \/>\n<script type=\"application\/ld+json\" class=\"yoast-schema-graph\">{\"@context\":\"https:\/\/schema.org\",\"@graph\":[{\"@type\":\"WebPage\",\"@id\":\"https:\/\/narvartepodologia.com\/eu\/ainara-narvarte-podologo-esperientziaduna\/\",\"url\":\"https:\/\/narvartepodologia.com\/eu\/ainara-narvarte-podologo-esperientziaduna\/\",\"name\":\"Ainara Narvarte podologo esperientziaduna\",\"isPartOf\":{\"@id\":\"https:\/\/narvartepodologia.com\/eu\/#website\"},\"datePublished\":\"2021-04-05T10:36:33+00:00\",\"dateModified\":\"2026-02-26T17:11:18+00:00\",\"description\":\"Ainara dut izena eta badira 15 urte podologo naizela. Irunen dudan kontsultategitik tratu profesionala eta hurbila eskaintzen dizut.\",\"breadcrumb\":{\"@id\":\"https:\/\/narvartepodologia.com\/eu\/ainara-narvarte-podologo-esperientziaduna\/#breadcrumb\"},\"inLanguage\":\"eu-ES\",\"potentialAction\":[{\"@type\":\"ReadAction\",\"target\":[\"https:\/\/narvartepodologia.com\/eu\/ainara-narvarte-podologo-esperientziaduna\/\"]}]},{\"@type\":\"BreadcrumbList\",\"@id\":\"https:\/\/narvartepodologia.com\/eu\/ainara-narvarte-podologo-esperientziaduna\/#breadcrumb\",\"itemListElement\":[{\"@type\":\"ListItem\",\"position\":1,\"name\":\"Portada\",\"item\":\"https:\/\/narvartepodologia.com\/eu\/\"},{\"@type\":\"ListItem\",\"position\":2,\"name\":\"Nire Buruz\"}]},{\"@type\":\"WebSite\",\"@id\":\"https:\/\/narvartepodologia.com\/eu\/#website\",\"url\":\"https:\/\/narvartepodologia.com\/eu\/\",\"name\":\"Ainara Narvarte Podolog\u00eda Irun\",\"description\":\"Ainara Narvarte, consulta de podolog\u00eda en Irun, tambi\u00e9n con servicio a domicilio.\",\"publisher\":{\"@id\":\"https:\/\/narvartepodologia.com\/eu\/#organization\"},\"potentialAction\":[{\"@type\":\"SearchAction\",\"target\":{\"@type\":\"EntryPoint\",\"urlTemplate\":\"https:\/\/narvartepodologia.com\/eu\/?s={search_term_string}\"},\"query-input\":{\"@type\":\"PropertyValueSpecification\",\"valueRequired\":true,\"valueName\":\"search_term_string\"}}],\"inLanguage\":\"eu-ES\"},{\"@type\":\"Organization\",\"@id\":\"https:\/\/narvartepodologia.com\/eu\/#organization\",\"name\":\"Ainara Narvarte Podolog\u00eda\",\"url\":\"https:\/\/narvartepodologia.com\/eu\/\",\"logo\":{\"@type\":\"ImageObject\",\"inLanguage\":\"eu-ES\",\"@id\":\"https:\/\/narvartepodologia.com\/eu\/#\/schema\/logo\/image\/\",\"url\":\"https:\/\/narvartepodologia.com\/wp-content\/uploads\/2021\/03\/logo-ainara-narvarte-podologia-irun-330-transp.png\",\"contentUrl\":\"https:\/\/narvartepodologia.com\/wp-content\/uploads\/2021\/03\/logo-ainara-narvarte-podologia-irun-330-transp.png\",\"width\":330,\"height\":75,\"caption\":\"Ainara Narvarte Podolog\u00eda\"},\"image\":{\"@id\":\"https:\/\/narvartepodologia.com\/eu\/#\/schema\/logo\/image\/\"}}]}<\/script>\n<!-- \/ Yoast SEO plugin. -->","yoast_head_json":{"title":"Ainara Narvarte podologo esperientziaduna","description":"Ainara dut izena eta badira 15 urte podologo naizela. Irunen dudan kontsultategitik tratu profesionala eta hurbila eskaintzen dizut.","robots":{"index":"index","follow":"follow","max-snippet":"max-snippet:-1","max-image-preview":"max-image-preview:large","max-video-preview":"max-video-preview:-1"},"canonical":"https:\/\/narvartepodologia.com\/eu\/ainara-narvarte-podologo-esperientziaduna\/","og_locale":"eu_ES","og_type":"article","og_title":"Ainara Narvarte podologo esperientziaduna","og_description":"Ainara dut izena eta badira 15 urte podologo naizela. Irunen dudan kontsultategitik tratu profesionala eta hurbila eskaintzen dizut.","og_url":"https:\/\/narvartepodologia.com\/eu\/ainara-narvarte-podologo-esperientziaduna\/","og_site_name":"Ainara Narvarte Podolog\u00eda Irun","article_modified_time":"2026-02-26T17:11:18+00:00","twitter_card":"summary_large_image","schema":{"@context":"https:\/\/schema.org","@graph":[{"@type":"WebPage","@id":"https:\/\/narvartepodologia.com\/eu\/ainara-narvarte-podologo-esperientziaduna\/","url":"https:\/\/narvartepodologia.com\/eu\/ainara-narvarte-podologo-esperientziaduna\/","name":"Ainara Narvarte podologo esperientziaduna","isPartOf":{"@id":"https:\/\/narvartepodologia.com\/eu\/#website"},"datePublished":"2021-04-05T10:36:33+00:00","dateModified":"2026-02-26T17:11:18+00:00","description":"Ainara dut izena eta badira 15 urte podologo naizela. Irunen dudan kontsultategitik tratu profesionala eta hurbila eskaintzen dizut.","breadcrumb":{"@id":"https:\/\/narvartepodologia.com\/eu\/ainara-narvarte-podologo-esperientziaduna\/#breadcrumb"},"inLanguage":"eu-ES","potentialAction":[{"@type":"ReadAction","target":["https:\/\/narvartepodologia.com\/eu\/ainara-narvarte-podologo-esperientziaduna\/"]}]},{"@type":"BreadcrumbList","@id":"https:\/\/narvartepodologia.com\/eu\/ainara-narvarte-podologo-esperientziaduna\/#breadcrumb","itemListElement":[{"@type":"ListItem","position":1,"name":"Portada","item":"https:\/\/narvartepodologia.com\/eu\/"},{"@type":"ListItem","position":2,"name":"Nire Buruz"}]},{"@type":"WebSite","@id":"https:\/\/narvartepodologia.com\/eu\/#website","url":"https:\/\/narvartepodologia.com\/eu\/","name":"Ainara Narvarte Podolog\u00eda Irun","description":"Ainara Narvarte, consulta de podolog\u00eda en Irun, tambi\u00e9n con servicio a domicilio.","publisher":{"@id":"https:\/\/narvartepodologia.com\/eu\/#organization"},"potentialAction":[{"@type":"SearchAction","target":{"@type":"EntryPoint","urlTemplate":"https:\/\/narvartepodologia.com\/eu\/?s={search_term_string}"},"query-input":{"@type":"PropertyValueSpecification","valueRequired":true,"valueName":"search_term_string"}}],"inLanguage":"eu-ES"},{"@type":"Organization","@id":"https:\/\/narvartepodologia.com\/eu\/#organization","name":"Ainara Narvarte Podolog\u00eda","url":"https:\/\/narvartepodologia.com\/eu\/","logo":{"@type":"ImageObject","inLanguage":"eu-ES","@id":"https:\/\/narvartepodologia.com\/eu\/#\/schema\/logo\/image\/","url":"https:\/\/narvartepodologia.com\/wp-content\/uploads\/2021\/03\/logo-ainara-narvarte-podologia-irun-330-transp.png","contentUrl":"https:\/\/narvartepodologia.com\/wp-content\/uploads\/2021\/03\/logo-ainara-narvarte-podologia-irun-330-transp.png","width":330,"height":75,"caption":"Ainara Narvarte Podolog\u00eda"},"image":{"@id":"https:\/\/narvartepodologia.com\/eu\/#\/schema\/logo\/image\/"}}]}},"_links":{"self":[{"href":"https:\/\/narvartepodologia.com\/eu\/wp-json\/wp\/v2\/pages\/1244","targetHints":{"allow":["GET"]}}],"collection":[{"href":"https:\/\/narvartepodologia.com\/eu\/wp-json\/wp\/v2\/pages"}],"about":[{"href":"https:\/\/narvartepodologia.com\/eu\/wp-json\/wp\/v2\/types\/page"}],"author":[{"embeddable":true,"href":"https:\/\/narvartepodologia.com\/eu\/wp-json\/wp\/v2\/users\/1"}],"replies":[{"embeddable":true,"href":"https:\/\/narvartepodologia.com\/eu\/wp-json\/wp\/v2\/comments?post=1244"}],"version-history":[{"count":6,"href":"https:\/\/narvartepodologia.com\/eu\/wp-json\/wp\/v2\/pages\/1244\/revisions"}],"predecessor-version":[{"id":1422,"href":"https:\/\/narvartepodologia.com\/eu\/wp-json\/wp\/v2\/pages\/1244\/revisions\/1422"}],"wp:attachment":[{"href":"https:\/\/narvartepodologia.com\/eu\/wp-json\/wp\/v2\/media?parent=1244"}],"curies":[{"name":"wp","href":"https:\/\/api.w.org\/{rel}","templated":true}]}}